{"id":78,"date":"2020-09-19T19:30:44","date_gmt":"2020-09-19T17:30:44","guid":{"rendered":"http:\/\/fizjoterapia-skoczylas.czest.pl\/?page_id=78"},"modified":"2025-10-21T12:17:26","modified_gmt":"2025-10-21T10:17:26","slug":"pierwsza-wizyta","status":"publish","type":"page","link":"https:\/\/fizjoterapia-skoczylas.czest.pl\/?page_id=78","title":{"rendered":"Pierwsza wizyta"},"content":{"rendered":"\t\t<div data-elementor-type=\"wp-page\" data-elementor-id=\"78\" class=\"elementor elementor-78\">\n\t\t\t\t\t\t<div class=\"elementor-inner\">\n\t\t\t\t<div class=\"elementor-section-wrap\">\n\t\t\t\t\t\t\t\t\t<section class=\"elementor-section elementor-top-section elementor-element elementor-element-84049fb elementor-section-boxed elementor-section-height-default elementor-section-height-default\" data-id=\"84049fb\" data-element_type=\"section\">\n\t\t\t\t\t\t<div class=\"elementor-container elementor-column-gap-default\">\n\t\t\t\t\t\t\t<div class=\"elementor-row\">\n\t\t\t\t\t<div class=\"elementor-column elementor-col-100 elementor-top-column elementor-element elementor-element-ebbd270\" data-id=\"ebbd270\" data-element_type=\"column\">\n\t\t\t<div class=\"elementor-column-wrap elementor-element-populated\">\n\t\t\t\t\t\t\t<div class=\"elementor-widget-wrap\">\n\t\t\t\t\t\t<div class=\"elementor-element elementor-element-f8ee2b4 elementor-view-default elementor-vertical-align-top elementor-widget elementor-widget-icon-box\" data-id=\"f8ee2b4\" data-element_type=\"widget\" data-widget_type=\"icon-box.default\">\n\t\t\t\t<div class=\"elementor-widget-container\">\n\t\t\t\t\t<div class=\"elementor-icon-box-wrapper\">\n\t\t\t\t\t\t<div class=\"elementor-icon-box-content\">\n\t\t\t\t<h3 class=\"elementor-icon-box-title\">\n\t\t\t\t\t<span  >\n\t\t\t\t\t\tPrzed pierwsz\u0105 wizyt\u0105\t\t\t\t\t<\/span>\n\t\t\t\t<\/h3>\n\t\t\t\t\t\t\t\t\t<p class=\"elementor-icon-box-description\">\n\t\t\t\t\t\tNa pierwsz\u0105 wizyt\u0119 pacjent kt\u00f3ry do mnie trafia, powinien przygotowa\u0107 dokumentacj\u0119 medyczn\u0105\nswojej choroby\/chor\u00f3b (je\u015bli posiada) tj. aktualne badania, MRI, TK, USG, RTG. Pomo\u017ce mi to w\ndok\u0142adniejszej i szybszej diagnozie.<br><br>Godzin\u0119 przed badaniem\/terapi\u0105 nie nale\u017cy spo\u017cywa\u0107 obfitych posi\u0142k\u00f3w.<br>Pacjent nie powinien przed terapi\u0105 za\u017cywa\u0107 lek\u00f3w przeciwb\u00f3lowych, gdy\u017c ocena skali problemu b\u0119dzie zaburzona, a tym samym utrudniona.<br><br>\nPodczas samego badania cia\u0142a tzn. postawy, dysfunkcji, nale\u017cy pozosta\u0107 w samej bieli\u017anie. W\nkwestii dotycz\u0105cej kobiet, mo\u017ce to by\u0107 bielizna sportowa nie kr\u0119puj\u0105ca ruch\u00f3w i samej badanej.\nWszelkie bransoletki, \u0142a\u0144cuszki itp. nale\u017cy zdj\u0105\u0107.\n\t\t\t\t\t<\/p>\n\t\t\t\t\t\t\t<\/div>\n\t\t<\/div>\n\t\t\t\t<\/div>\n\t\t\t\t<\/div>\n\t\t\t\t\t\t<\/div>\n\t\t\t\t\t<\/div>\n\t\t<\/div>\n\t\t\t\t\t\t\t\t<\/div>\n\t\t\t\t\t<\/div>\n\t\t<\/section>\n\t\t\t\t\t\t\t\t\t<\/div>\n\t\t\t<\/div>\n\t\t\t\t\t<\/div>\n\t\t","protected":false},"excerpt":{"rendered":"<p>Przed pierwsz\u0105 wizyt\u0105 Na pierwsz\u0105 wizyt\u0119 pacjent kt\u00f3ry do mnie trafia, powinien przygotowa\u0107 dokumentacj\u0119 medyczn\u0105 swojej choroby\/chor\u00f3b (je\u015bli posiada) tj. aktualne badania, MRI, TK, USG, RTG. Pomo\u017ce mi to w &#8230;<\/p>\n","protected":false},"author":1,"featured_media":0,"parent":0,"menu_order":0,"comment_status":"closed","ping_status":"closed","template":"","meta":[],"_links":{"self":[{"href":"https:\/\/fizjoterapia-skoczylas.czest.pl\/index.php?rest_route=\/wp\/v2\/pages\/78"}],"collection":[{"href":"https:\/\/fizjoterapia-skoczylas.czest.pl\/index.php?rest_route=\/wp\/v2\/pages"}],"about":[{"href":"https:\/\/fizjoterapia-skoczylas.czest.pl\/index.php?rest_route=\/wp\/v2\/types\/page"}],"author":[{"embeddable":true,"href":"https:\/\/fizjoterapia-skoczylas.czest.pl\/index.php?rest_route=\/wp\/v2\/users\/1"}],"replies":[{"embeddable":true,"href":"https:\/\/fizjoterapia-skoczylas.czest.pl\/index.php?rest_route=%2Fwp%2Fv2%2Fcomments&post=78"}],"version-history":[{"count":14,"href":"https:\/\/fizjoterapia-skoczylas.czest.pl\/index.php?rest_route=\/wp\/v2\/pages\/78\/revisions"}],"predecessor-version":[{"id":320,"href":"https:\/\/fizjoterapia-skoczylas.czest.pl\/index.php?rest_route=\/wp\/v2\/pages\/78\/revisions\/320"}],"wp:attachment":[{"href":"https:\/\/fizjoterapia-skoczylas.czest.pl\/index.php?rest_route=%2Fwp%2Fv2%2Fmedia&parent=78"}],"curies":[{"name":"wp","href":"https:\/\/api.w.org\/{rel}","templated":true}]}}